{"id":1968,"date":"2025-11-27T18:52:45","date_gmt":"2025-11-27T23:52:45","guid":{"rendered":"https:\/\/cycloflex.ca\/?post_type=product&#038;p=1968"},"modified":"2025-12-12T12:55:23","modified_gmt":"2025-12-12T17:55:23","slug":"points-de-contact-line-rose-a-c-p-line-colour-touch-points","status":"publish","type":"product","link":"https:\/\/cycloflex.ca\/en\/boutique\/cyclo-flex-brompton-accessoires\/points-de-contact-line-rose-a-c-p-line-colour-touch-points\/","title":{"rendered":"Points de contact rose pour mod\u00e8les A, C ou P line"},"content":{"rendered":"\t\t<div data-elementor-type=\"product-post\" data-elementor-id=\"1968\" class=\"elementor elementor-1968\" data-elementor-post-type=\"product\">\n\t\t\t\t<div class=\"elementor-element elementor-element-30df6c53 e-flex e-con-boxed e-con e-parent\" data-id=\"30df6c53\" data-element_type=\"container\">\n\t\t\t\t\t<div class=\"e-con-inner\">\n\t\t\t\t<div class=\"elementor-element elementor-element-54dadee8 elementor-widget elementor-widget-text-editor\" data-id=\"54dadee8\" data-element_type=\"widget\" data-widget_type=\"text-editor.default\">\n\t\t\t\t\t\t\t\t\tSoyez pr\u00eat \u00e0 affronter tous les \u00ab obstacles \u00bb sur la route gr\u00e2ce \u00e0 la trousse \u00e0 outils Brompton qui se range facilement dans le cadre de votre v\u00e9lo. Ne partez plus jamais \u00e0 v\u00e9lo sans elle ! Des d\u00e9monte-pneus au papier de verre, vous \u00eates par\u00e9 pour la plupart des r\u00e9parations sur la route. Avec ses rustines, sa cl\u00e9 et ses cl\u00e9s Allen, la trousse \u00e0 outils est la meilleure amie du cycliste. Tout ce dont vous avez besoin, dans un tube \u00e9l\u00e9gant. Une trousse \u00e0 outils compl\u00e8te, toujours pr\u00eate \u00e0 l&#8217;emploi.\t\t\t\t\t\t\t\t<\/div>\n\t\t\t\t\t<\/div>\n\t\t\t\t<\/div>\n\t\t\t\t<\/div>\n\t\t","protected":false},"excerpt":{"rendered":"<p>Soyez pr\u00eat \u00e0 affronter tous les \u00ab obstacles \u00bb sur la route gr\u00e2ce \u00e0 la trousse \u00e0 outils Brompton qui se range facilement dans le cadre de votre v\u00e9lo. Ne partez plus jamais \u00e0 v\u00e9lo sans elle ! Des d\u00e9monte-pneus au papier de verre, vous \u00eates par\u00e9 pour la plupart des r\u00e9parations sur la route. [&hellip;]<\/p>\n","protected":false},"featured_media":3374,"comment_status":"open","ping_status":"closed","template":"","meta":{"_acf_changed":false},"product_brand":[],"product_cat":[45],"product_tag":[],"class_list":{"0":"post-1968","1":"product","2":"type-product","3":"status-publish","4":"has-post-thumbnail","6":"product_cat-cyclo-flex-brompton-accessoires","8":"first","9":"instock","10":"taxable","11":"shipping-taxable","12":"purchasable","13":"product-type-simple"},"acf":[],"_links":{"self":[{"href":"https:\/\/cycloflex.ca\/en\/wp-json\/wp\/v2\/product\/1968","targetHints":{"allow":["GET"]}}],"collection":[{"href":"https:\/\/cycloflex.ca\/en\/wp-json\/wp\/v2\/product"}],"about":[{"href":"https:\/\/cycloflex.ca\/en\/wp-json\/wp\/v2\/types\/product"}],"replies":[{"embeddable":true,"href":"https:\/\/cycloflex.ca\/en\/wp-json\/wp\/v2\/comments?post=1968"}],"version-history":[{"count":5,"href":"https:\/\/cycloflex.ca\/en\/wp-json\/wp\/v2\/product\/1968\/revisions"}],"predecessor-version":[{"id":3372,"href":"https:\/\/cycloflex.ca\/en\/wp-json\/wp\/v2\/product\/1968\/revisions\/3372"}],"wp:featuredmedia":[{"embeddable":true,"href":"https:\/\/cycloflex.ca\/en\/wp-json\/wp\/v2\/media\/3374"}],"wp:attachment":[{"href":"https:\/\/cycloflex.ca\/en\/wp-json\/wp\/v2\/media?parent=1968"}],"wp:term":[{"taxonomy":"product_brand","embeddable":true,"href":"https:\/\/cycloflex.ca\/en\/wp-json\/wp\/v2\/product_brand?post=1968"},{"taxonomy":"product_cat","embeddable":true,"href":"https:\/\/cycloflex.ca\/en\/wp-json\/wp\/v2\/product_cat?post=1968"},{"taxonomy":"product_tag","embeddable":true,"href":"https:\/\/cycloflex.ca\/en\/wp-json\/wp\/v2\/product_tag?post=1968"}],"curies":[{"name":"wp","href":"https:\/\/api.w.org\/{rel}","templated":true}]}}